{"id":17,"date":"2020-10-20T09:04:13","date_gmt":"2020-10-20T09:04:13","guid":{"rendered":"https:\/\/www.banyan-hotel.com\/impressum\/"},"modified":"2025-08-11T10:27:43","modified_gmt":"2025-08-11T08:27:43","slug":"impressum","status":"publish","type":"page","link":"https:\/\/www.banyan-hotel.com\/de\/impressum\/","title":{"rendered":"Impressum"},"content":{"rendered":"<h1 class=\"wp-block-heading\" id=\"impressum\">Impressum<\/h1>\n\n\n<p>Informationspflicht laut \u00a75 E-Commerce Gesetz, \u00a714 Unternehmensgesetzbuch, \u00a763 Gewerbeordnung und Offenlegungspflicht laut \u00a725 Mediengesetz.<\/p>\n\n\n\n<p>Thomson Reisen GmbH<br>Schmiedweg 6,<br>6380 St.Johann in Tirol,<br>\u00d6sterreich<\/p>\n\n\n\n<p><strong>Unternehmensgegenstand:<\/strong>&nbsp;Hotel<br><strong>UID-Nummer:<\/strong>&nbsp;ATU60403879<br><strong>Firmenbuchnummer:<\/strong>&nbsp;76039y<br><strong>Firmenbuchgericht:<\/strong>&nbsp;Kitzb\u00fchel<br><strong>Firmensitz:<\/strong>&nbsp;St. Johann in Tirol<\/p>\n\n\n\n<p><strong>Tel.:<\/strong>&nbsp;+ (0)5352\/63553-0<br><strong>Fax:<\/strong>&nbsp;+ (0)05352\/636 04<br><strong>E-Mail:<\/strong>&nbsp;<a href=\"mailto:office@thomson-holidays.at\">office@thomson-holidays.at<\/a><\/p>\n\n\n\n<p><strong>Mitglied bei:<\/strong>&nbsp;WKO, Tirol<br><strong>Berufsrecht:<\/strong>&nbsp;Gewerbeordnung: www.ris.bka.gv.at<\/p>\n\n\n\n<p><strong>Aufsichtsbeh\u00f6rde\/Gewerbebeh\u00f6rde:<\/strong>&nbsp;Bezirkshauptmannschaft Kitzb\u00fchel<br><strong>Berufsbezeichnung:<\/strong>&nbsp;Hotel und Gastgewerbe<br><strong>Verleihungsstaat:<\/strong>&nbsp;\u00d6sterreich<\/p>\n\n\n\n<p><strong>Gesch\u00e4ftsf\u00fchrer<\/strong><br>Gordon Ritter<\/p>\n\n\n\n<p><strong>Beteiligungsverh\u00e4ltnisse<\/strong><br>Gesellschafter Firma THOMSON TRAVEL GROUP (HOLDINGS) LIMITED Anteil: 0,10% Gesellschafter Firma TUI UK LIMITED Anteil: 99,90%<\/p>\n\n\n\n<p><strong>EU-Streitschlichtung<\/strong><\/p>\n\n\n\n<p>Gem\u00e4\u00df Verordnung \u00fcber Online-Streitbeilegung in Verbraucherangelegenheiten (ODR-Verordnung) m\u00f6chten wir Sie \u00fcber die Online-Streitbeilegungsplattform (OS-Plattform) informieren.<br>Verbraucher haben die M\u00f6glichkeit, Beschwerden an die Online Streitbeilegungsplattform der Europ\u00e4ischen Kommission unter&nbsp;<a href=\"https:\/\/ec.europa.eu\/consumers\/odr\/main\/index.cfm?event=main.home2.show&amp;lng=DE\">http:\/\/ec.europa.eu\/odr?tid=221134267<\/a>&nbsp;zu richten. Die daf\u00fcr notwendigen Kontaktdaten finden Sie oberhalb in unserem Impressum.<\/p>\n\n\n\n<p>Wir m\u00f6chten Sie jedoch darauf hinweisen, dass wir nicht bereit oder verpflichtet sind, an Streitbeilegungsverfahren vor einer Verbraucherschlichtungsstelle teilzunehmen.<\/p>\n\n\n\n<p><strong>Haftung f\u00fcr Inhalte dieser Webseite<\/strong><\/p>\n\n\n\n<p>Wir entwickeln die Inhalte dieser Webseite st\u00e4ndig weiter und bem\u00fchen uns korrekte und aktuelle Informationen bereitzustellen. Leider k\u00f6nnen wir keine Haftung f\u00fcr die Korrektheit aller Inhalte auf dieser Webseite \u00fcbernehmen, speziell f\u00fcr jene die seitens Dritter bereitgestellt wurden.<\/p>\n\n\n\n<p>Sollten Ihnen problematische oder rechtswidrige Inhalte auffallen, bitten wir Sie uns umgehend zu kontaktieren, Sie finden die Kontaktdaten im Impressum.<\/p>\n\n\n\n<p><strong>Haftung f\u00fcr Links auf dieser Webseite<\/strong><\/p>\n\n\n\n<p>Unsere Webseite enth\u00e4lt Links zu anderen Webseiten f\u00fcr deren Inhalt wir nicht verantwortlich sind. Haftung f\u00fcr verlinkte Websites besteht laut&nbsp;<a href=\"https:\/\/www.ris.bka.gv.at\/Dokument.wxe?Abfrage=Bundesnormen&amp;Dokumentnummer=NOR40025813&amp;tid=221134267\">\u00a7 17 ECG<\/a>&nbsp;f\u00fcr uns nicht, da wir keine Kenntnis rechtswidriger T\u00e4tigkeiten hatten und haben, uns solche Rechtswidrigkeiten auch bisher nicht aufgefallen sind und wir Links sofort entfernen w\u00fcrden, wenn uns Rechtswidrigkeiten bekannt werden.<\/p>\n\n\n\n<p>Wenn Ihnen rechtswidrige Links auf unserer Website auffallen, bitten wir Sie uns zu kontaktieren, Sie finden die Kontaktdaten im Impressum.<\/p>\n\n\n\n<p><strong>Urheberrechtshinweis<\/strong><\/p>\n\n\n\n<p>Alle Inhalte dieser Webseite (Bilder, Fotos, Texte, Videos) unterliegen dem Urheberrecht. Falls notwendig, werden wir die unerlaubte Nutzung von Teilen der Inhalte unserer Seite rechtlich verfolgen.<\/p>\n\n\n\n<p><strong>Bildernachweis<\/strong><\/p>\n\n\n\n<p>Die Bilder, Fotos und Grafiken auf dieser Webseite sind urheberrechtlich gesch\u00fctzt.<\/p>\n\n\n\n<p><strong>Website by<\/strong><\/p>\n\n\n\n<p><a href=\"https:\/\/www.mjoedsgn.com\/\" target=\"_blank\" rel=\"noreferrer noopener\">mjoe.design<\/a>&nbsp;for&nbsp;<a href=\"https:\/\/www.360ty.world\/\" target=\"_blank\" rel=\"noreferrer noopener\">360ty<\/a><\/p>\n","protected":false},"excerpt":{"rendered":"<p>Impressum Informationspflicht laut \u00a75 E-Commerce Gesetz, \u00a714 Unternehmensgesetzbuch, \u00a763 Gewerbeordnung und Offenlegungspflicht laut \u00a725 Mediengesetz. Thomson Reisen GmbHSchmiedweg 6,6380 St.Johann in Tirol,\u00d6sterreich Unternehmensgegenstand:&nbsp;HotelUID-Nummer:&nbsp;ATU60403879Firmenbuchnummer:&nbsp;76039yFirmenbuchgericht:&nbsp;Kitzb\u00fchelFirmensitz:&nbsp;St. Johann in Tirol Tel.:&nbsp;+ (0)5352\/63553-0Fax:&nbsp;+ (0)05352\/636 04E-Mail:&nbsp;office@thomson-holidays.at Mitglied bei:&nbsp;WKO, TirolBerufsrecht:&nbsp;Gewerbeordnung: www.ris.bka.gv.at Aufsichtsbeh\u00f6rde\/Gewerbebeh\u00f6rde:&nbsp;Bezirkshauptmannschaft Kitzb\u00fchelBerufsbezeichnung:&nbsp;Hotel und GastgewerbeVerleihungsstaat:&nbsp;\u00d6sterreich Gesch\u00e4ftsf\u00fchrerGordon Ritter Beteiligungsverh\u00e4ltnisseGesellschafter Firma THOMSON TRAVEL GROUP (HOLDINGS) LIMITED Anteil: 0,10% Gesellschafter Firma TUI UK LIMITED Anteil: [&hellip;]<\/p>\n","protected":false},"author":1,"featured_media":0,"parent":0,"menu_order":9,"comment_status":"closed","ping_status":"closed","template":"","meta":{"_seopress_robots_primary_cat":"","_seopress_titles_title":"","_seopress_titles_desc":"","_seopress_robots_index":"yes","site-sidebar-layout":"default","site-content-layout":"plain-container","ast-site-content-layout":"normal-width-container","site-content-style":"unboxed","site-sidebar-style":"unboxed","ast-global-header-display":"","ast-banner-title-visibility":"","ast-main-header-display":"","ast-hfb-above-header-display":"","ast-hfb-below-header-display":"","ast-hfb-mobile-header-display":"","site-post-title":"disabled","ast-breadcrumbs-content":"","ast-featured-img":"","footer-sml-layout":"","theme-transparent-header-meta":"default","adv-header-id-meta":"","stick-header-meta":"default","header-above-stick-meta":"","header-main-stick-meta":"","header-below-stick-meta":"","astra-migrate-meta-layouts":"set","ast-page-background-enabled":"default","ast-page-background-meta":{"desktop":{"background-color":"","background-image":"","background-repeat":"repeat","background-position":"center center","background-size":"auto","background-attachment":"scroll","background-type":"","background-media":"","overlay-type":"","overlay-color":"","overlay-opacity":"","overlay-gradient":""},"tablet":{"background-color":"","background-image":"","background-repeat":"repeat","background-position":"center center","background-size":"auto","background-attachment":"scroll","background-type":"","background-media":"","overlay-type":"","overlay-color":"","overlay-opacity":"","overlay-gradient":""},"mobile":{"background-color":"","background-image":"","background-repeat":"repeat","background-position":"center center","background-size":"auto","background-attachment":"scroll","background-type":"","background-media":"","overlay-type":"","overlay-color":"","overlay-opacity":"","overlay-gradient":""}},"ast-content-background-meta":{"desktop":{"background-color":"var(--ast-global-color-5)","background-image":"","background-repeat":"repeat","background-position":"center center","background-size":"auto","background-attachment":"scroll","background-type":"","background-media":"","overlay-type":"","overlay-color":"","overlay-opacity":"","overlay-gradient":""},"tablet":{"background-color":"var(--ast-global-color-5)","background-image":"","background-repeat":"repeat","background-position":"center center","background-size":"auto","background-attachment":"scroll","background-type":"","background-media":"","overlay-type":"","overlay-color":"","overlay-opacity":"","overlay-gradient":""},"mobile":{"background-color":"var(--ast-global-color-5)","background-image":"","background-repeat":"repeat","background-position":"center center","background-size":"auto","background-attachment":"scroll","background-type":"","background-media":"","overlay-type":"","overlay-color":"","overlay-opacity":"","overlay-gradient":""}},"footnotes":""},"class_list":["post-17","page","type-page","status-publish","hentry"],"_links":{"self":[{"href":"https:\/\/www.banyan-hotel.com\/de\/wp-json\/wp\/v2\/pages\/17","targetHints":{"allow":["GET"]}}],"collection":[{"href":"https:\/\/www.banyan-hotel.com\/de\/wp-json\/wp\/v2\/pages"}],"about":[{"href":"https:\/\/www.banyan-hotel.com\/de\/wp-json\/wp\/v2\/types\/page"}],"author":[{"embeddable":true,"href":"https:\/\/www.banyan-hotel.com\/de\/wp-json\/wp\/v2\/users\/1"}],"replies":[{"embeddable":true,"href":"https:\/\/www.banyan-hotel.com\/de\/wp-json\/wp\/v2\/comments?post=17"}],"version-history":[{"count":2,"href":"https:\/\/www.banyan-hotel.com\/de\/wp-json\/wp\/v2\/pages\/17\/revisions"}],"predecessor-version":[{"id":915,"href":"https:\/\/www.banyan-hotel.com\/de\/wp-json\/wp\/v2\/pages\/17\/revisions\/915"}],"wp:attachment":[{"href":"https:\/\/www.banyan-hotel.com\/de\/wp-json\/wp\/v2\/media?parent=17"}],"curies":[{"name":"wp","href":"https:\/\/api.w.org\/{rel}","templated":true}]}}