{"id":14,"date":"2020-10-20T09:04:13","date_gmt":"2020-10-20T09:04:13","guid":{"rendered":"https:\/\/www.banyan-hotel.com\/kontakt\/"},"modified":"2025-10-01T07:39:19","modified_gmt":"2025-10-01T05:39:19","slug":"kontakt","status":"publish","type":"page","link":"https:\/\/www.banyan-hotel.com\/de\/kontakt\/","title":{"rendered":"Kontakt"},"content":{"rendered":"\t\t<div data-elementor-type=\"wp-page\" data-elementor-id=\"14\" class=\"elementor elementor-14\" data-elementor-post-type=\"page\">\n\t\t\t\t\t\t<section class=\"elementor-section elementor-top-section elementor-element elementor-element-57ecbb0 elementor-section-full_width elementor-section-height-min-height elementor-section-items-stretch nopad nomarg elementor-section-content-middle elementor-section-height-default\" data-id=\"57ecbb0\" data-element_type=\"section\" data-settings=\"{&quot;background_background&quot;:&quot;classic&quot;}\">\n\t\t\t\t\t\t<div class=\"elementor-container elementor-column-gap-no\">\n\t\t\t\t\t<div class=\"elementor-column elementor-col-66 elementor-top-column elementor-element elementor-element-bcf9db8\" data-id=\"bcf9db8\" data-element_type=\"column\" data-settings=\"{&quot;background_background&quot;:&quot;slideshow&quot;,&quot;background_slideshow_gallery&quot;:[{&quot;id&quot;:335,&quot;url&quot;:&quot;https:\\\/\\\/www.banyan-hotel.com\\\/wp-content\\\/uploads\\\/2020\\\/10\\\/kontaktslider3.jpg&quot;},{&quot;id&quot;:333,&quot;url&quot;:&quot;https:\\\/\\\/www.banyan-hotel.com\\\/wp-content\\\/uploads\\\/2020\\\/10\\\/kontaktslider.jpg&quot;},{&quot;id&quot;:334,&quot;url&quot;:&quot;https:\\\/\\\/www.banyan-hotel.com\\\/wp-content\\\/uploads\\\/2020\\\/10\\\/kontaktslider2.jpg&quot;}],&quot;background_slideshow_ken_burns&quot;:&quot;yes&quot;,&quot;background_slideshow_loop&quot;:&quot;yes&quot;,&quot;background_slideshow_slide_duration&quot;:5000,&quot;background_slideshow_slide_transition&quot;:&quot;fade&quot;,&quot;background_slideshow_transition_duration&quot;:500,&quot;background_slideshow_ken_burns_zoom_direction&quot;:&quot;in&quot;}\">\n\t\t\t<div class=\"elementor-widget-wrap\">\n\t\t\t\t\t\t\t<\/div>\n\t\t<\/div>\n\t\t\t\t<div class=\"elementor-column elementor-col-33 elementor-top-column elementor-element elementor-element-e9bda00 elementor-hidden-tablet elementor-hidden-phone\" data-id=\"e9bda00\" data-element_type=\"column\" data-settings=\"{&quot;background_background&quot;:&quot;slideshow&quot;,&quot;background_slideshow_gallery&quot;:[{&quot;id&quot;:338,&quot;url&quot;:&quot;https:\\\/\\\/www.banyan-hotel.com\\\/wp-content\\\/uploads\\\/2020\\\/10\\\/hotelintro-third3.jpg&quot;},{&quot;id&quot;:337,&quot;url&quot;:&quot;https:\\\/\\\/www.banyan-hotel.com\\\/wp-content\\\/uploads\\\/2020\\\/10\\\/hotelintro-third2.jpg&quot;},{&quot;id&quot;:336,&quot;url&quot;:&quot;https:\\\/\\\/www.banyan-hotel.com\\\/wp-content\\\/uploads\\\/2020\\\/10\\\/hotelintro-third.jpg&quot;}],&quot;background_slideshow_ken_burns&quot;:&quot;yes&quot;,&quot;background_slideshow_slide_duration&quot;:7000,&quot;background_slideshow_loop&quot;:&quot;yes&quot;,&quot;background_slideshow_slide_transition&quot;:&quot;fade&quot;,&quot;background_slideshow_transition_duration&quot;:500,&quot;background_slideshow_ken_burns_zoom_direction&quot;:&quot;in&quot;}\">\n\t\t\t<div class=\"elementor-widget-wrap\">\n\t\t\t\t\t\t\t<\/div>\n\t\t<\/div>\n\t\t\t\t\t<\/div>\n\t\t<\/section>\n\t\t\t\t<section class=\"elementor-section elementor-top-section elementor-element elementor-element-d690bc8 elementor-section-boxed elementor-section-height-default elementor-section-height-default\" data-id=\"d690bc8\" data-element_type=\"section\">\n\t\t\t\t\t\t<div class=\"elementor-container elementor-column-gap-default\">\n\t\t\t\t\t<div class=\"elementor-column elementor-col-100 elementor-top-column elementor-element elementor-element-b4c8b3d\" data-id=\"b4c8b3d\" data-element_type=\"column\">\n\t\t\t<div class=\"elementor-widget-wrap elementor-element-populated\">\n\t\t\t\t\t\t<div class=\"elementor-element elementor-element-c83ba15 elementor-widget elementor-widget-heading\" data-id=\"c83ba15\" data-element_type=\"widget\" data-widget_type=\"heading.default\">\n\t\t\t\t<div class=\"elementor-widget-container\">\n\t\t\t\t\t<h3 class=\"elementor-heading-title elementor-size-default\">Wir freuen uns auf Sie!<\/h3>\t\t\t\t<\/div>\n\t\t\t\t<\/div>\n\t\t\t\t<div class=\"elementor-element elementor-element-d03f6d5 elementor-widget elementor-widget-heading\" data-id=\"d03f6d5\" data-element_type=\"widget\" data-widget_type=\"heading.default\">\n\t\t\t\t<div class=\"elementor-widget-container\">\n\t\t\t\t\t<h1 class=\"elementor-heading-title elementor-size-default\">Wir freuen uns auf Sie!<\/h1>\t\t\t\t<\/div>\n\t\t\t\t<\/div>\n\t\t\t\t<div class=\"elementor-element elementor-element-fa94fdc intro elementor-widget elementor-widget-text-editor\" data-id=\"fa94fdc\" data-element_type=\"widget\" data-widget_type=\"text-editor.default\">\n\t\t\t\t<div class=\"elementor-widget-container\">\n\t\t\t\t\t\t\t\t\t<p>Sie haben Fragen, W\u00fcnsche oder andere Anfragen an uns? Wir helfen Ihnen gerne jederzeit weiter wenn es rund um Ihren Urlaub am wundervollen Arlberg im Hotel Banyan geht!<\/p>\t\t\t\t\t\t\t\t<\/div>\n\t\t\t\t<\/div>\n\t\t\t\t<section class=\"elementor-section elementor-inner-section elementor-element elementor-element-341efb5 elementor-columns-alignment-fix-enabled elementor-section-boxed elementor-section-height-default elementor-section-height-default\" data-id=\"341efb5\" data-element_type=\"section\">\n\t\t\t\t\t\t<div class=\"elementor-container elementor-column-gap-wide\">\n\t\t\t\t\t<div class=\"elementor-column elementor-col-50 elementor-inner-column elementor-element elementor-element-6f68649\" data-id=\"6f68649\" data-element_type=\"column\">\n\t\t\t<div class=\"elementor-widget-wrap elementor-element-populated\">\n\t\t\t\t\t\t<div class=\"elementor-element elementor-element-ba13405 elementor-widget elementor-widget-text-editor\" data-id=\"ba13405\" data-element_type=\"widget\" data-widget_type=\"text-editor.default\">\n\t\t\t\t<div class=\"elementor-widget-container\">\n\t\t\t\t\t\t\t\t\t<p><strong>Banyan Hotel<\/strong><br \/>Dorfstrasse 55<br \/>6580 Sankt Anton Am Arlberg<\/p><p><a href=\"tel:+43544694100\">+43 5446 94100<\/a><br \/><a href=\"mailto:info.hotelbanyan@tui.com\">info.hotelbanyan@tui.com<\/a><\/p><p><strong>Reservierungsservice:<\/strong><br \/><a href=\"tel:+435446094100\">+43 5446 94100<\/a><\/p>\t\t\t\t\t\t\t\t<\/div>\n\t\t\t\t<\/div>\n\t\t\t\t<div class=\"elementor-element elementor-element-f20cd81 elementor-widget elementor-widget-button\" data-id=\"f20cd81\" data-element_type=\"widget\" data-widget_type=\"button.default\">\n\t\t\t\t<div class=\"elementor-widget-container\">\n\t\t\t\t\t\t\t\t\t<div class=\"elementor-button-wrapper\">\n\t\t\t\t\t<a class=\"elementor-button elementor-button-link elementor-size-sm\" href=\"https:\/\/www.banyan-hotel.com\/de\/jetzt-buchen\/#\">\n\t\t\t\t\t\t<span class=\"elementor-button-content-wrapper\">\n\t\t\t\t\t\t\t\t\t<span class=\"elementor-button-text\">Hier geht es zur Direktbuchung!<\/span>\n\t\t\t\t\t<\/span>\n\t\t\t\t\t<\/a>\n\t\t\t\t<\/div>\n\t\t\t\t\t\t\t\t<\/div>\n\t\t\t\t<\/div>\n\t\t\t\t\t<\/div>\n\t\t<\/div>\n\t\t\t\t<div class=\"elementor-column elementor-col-50 elementor-inner-column elementor-element elementor-element-fcbea74\" data-id=\"fcbea74\" data-element_type=\"column\">\n\t\t\t<div class=\"elementor-widget-wrap elementor-element-populated\">\n\t\t\t\t\t\t<div class=\"elementor-element elementor-element-62eecf3 elementor-widget elementor-widget-text-editor\" data-id=\"62eecf3\" data-element_type=\"widget\" data-widget_type=\"text-editor.default\">\n\t\t\t\t<div class=\"elementor-widget-container\">\n\t\t\t\t\t\t\t\t\t<p><strong>Buchen Sie Ihren Privat-Transfer!<\/strong><\/p>\t\t\t\t\t\t\t\t<\/div>\n\t\t\t\t<\/div>\n\t\t\t\t<div class=\"elementor-element elementor-element-2e5c751 elementor-widget elementor-widget-button\" data-id=\"2e5c751\" data-element_type=\"widget\" data-widget_type=\"button.default\">\n\t\t\t\t<div class=\"elementor-widget-container\">\n\t\t\t\t\t\t\t\t\t<div class=\"elementor-button-wrapper\">\n\t\t\t\t\t<a class=\"elementor-button elementor-button-link elementor-size-sm\" href=\"http:\/\/www.taxi-miro.at\/\" target=\"_blank\">\n\t\t\t\t\t\t<span class=\"elementor-button-content-wrapper\">\n\t\t\t\t\t\t\t\t\t<span class=\"elementor-button-text\">Taxi Miro<\/span>\n\t\t\t\t\t<\/span>\n\t\t\t\t\t<\/a>\n\t\t\t\t<\/div>\n\t\t\t\t\t\t\t\t<\/div>\n\t\t\t\t<\/div>\n\t\t\t\t<div class=\"elementor-element elementor-element-83d941f elementor-widget elementor-widget-text-editor\" data-id=\"83d941f\" data-element_type=\"widget\" data-widget_type=\"text-editor.default\">\n\t\t\t\t<div class=\"elementor-widget-container\">\n\t\t\t\t\t\t\t\t\t<p><strong>Ab 2 N\u00e4chten: Rabattgutschein f\u00fcr Alber Check-in im Galzig Skidepot.<\/strong><\/p>\t\t\t\t\t\t\t\t<\/div>\n\t\t\t\t<\/div>\n\t\t\t\t<div class=\"elementor-element elementor-element-8144853 elementor-widget elementor-widget-button\" data-id=\"8144853\" data-element_type=\"widget\" data-widget_type=\"button.default\">\n\t\t\t\t<div class=\"elementor-widget-container\">\n\t\t\t\t\t\t\t\t\t<div class=\"elementor-button-wrapper\">\n\t\t\t\t\t<a class=\"elementor-button elementor-button-link elementor-size-sm\" href=\"https:\/\/www.sport-alber.com\/de\/standorte\/check-in-galzig\/\" target=\"_blank\">\n\t\t\t\t\t\t<span class=\"elementor-button-content-wrapper\">\n\t\t\t\t\t\t\t\t\t<span class=\"elementor-button-text\">Sport Alber<\/span>\n\t\t\t\t\t<\/span>\n\t\t\t\t\t<\/a>\n\t\t\t\t<\/div>\n\t\t\t\t\t\t\t\t<\/div>\n\t\t\t\t<\/div>\n\t\t\t\t\t<\/div>\n\t\t<\/div>\n\t\t\t\t\t<\/div>\n\t\t<\/section>\n\t\t\t\t\t<\/div>\n\t\t<\/div>\n\t\t\t\t\t<\/div>\n\t\t<\/section>\n\t\t\t\t<section class=\"elementor-section elementor-top-section elementor-element elementor-element-cdb58b9 elementor-section-boxed elementor-section-height-default elementor-section-height-default\" data-id=\"cdb58b9\" data-element_type=\"section\" data-settings=\"{&quot;background_background&quot;:&quot;gradient&quot;,&quot;shape_divider_top&quot;:&quot;mountains&quot;}\">\n\t\t\t\t\t<div class=\"elementor-shape elementor-shape-top\" data-negative=\"false\">\n\t\t\t<svg xmlns=\"http:\/\/www.w3.org\/2000\/svg\" viewBox=\"0 0 1000 100\" preserveAspectRatio=\"none\">\n\t<path class=\"elementor-shape-fill\" opacity=\"0.33\" d=\"M473,67.3c-203.9,88.3-263.1-34-320.3,0C66,119.1,0,59.7,0,59.7V0h1000v59.7 c0,0-62.1,26.1-94.9,29.3c-32.8,3.3-62.8-12.3-75.8-22.1C806,49.6,745.3,8.7,694.9,4.7S492.4,59,473,67.3z\"\/>\n\t<path class=\"elementor-shape-fill\" opacity=\"0.66\" d=\"M734,67.3c-45.5,0-77.2-23.2-129.1-39.1c-28.6-8.7-150.3-10.1-254,39.1 s-91.7-34.4-149.2,0C115.7,118.3,0,39.8,0,39.8V0h1000v36.5c0,0-28.2-18.5-92.1-18.5C810.2,18.1,775.7,67.3,734,67.3z\"\/>\n\t<path class=\"elementor-shape-fill\" d=\"M766.1,28.9c-200-57.5-266,65.5-395.1,19.5C242,1.8,242,5.4,184.8,20.6C128,35.8,132.3,44.9,89.9,52.5C28.6,63.7,0,0,0,0 h1000c0,0-9.9,40.9-83.6,48.1S829.6,47,766.1,28.9z\"\/>\n<\/svg>\t\t<\/div>\n\t\t\t\t\t<div class=\"elementor-container elementor-column-gap-default\">\n\t\t\t\t\t<div class=\"elementor-column elementor-col-100 elementor-top-column elementor-element elementor-element-acbf908\" data-id=\"acbf908\" data-element_type=\"column\">\n\t\t\t<div class=\"elementor-widget-wrap elementor-element-populated\">\n\t\t\t\t\t\t<div class=\"elementor-element elementor-element-bd2e3ef elementor-widget elementor-widget-heading\" data-id=\"bd2e3ef\" data-element_type=\"widget\" data-widget_type=\"heading.default\">\n\t\t\t\t<div class=\"elementor-widget-container\">\n\t\t\t\t\t<h2 class=\"elementor-heading-title elementor-size-default\">Anreise<\/h2>\t\t\t\t<\/div>\n\t\t\t\t<\/div>\n\t\t\t\t<section class=\"elementor-section elementor-inner-section elementor-element elementor-element-584db02 elementor-columns-alignment-fix-enabled elementor-section-boxed elementor-section-height-default elementor-section-height-default\" data-id=\"584db02\" data-element_type=\"section\">\n\t\t\t\t\t\t<div class=\"elementor-container elementor-column-gap-wide\">\n\t\t\t\t\t<div class=\"elementor-column elementor-col-50 elementor-inner-column elementor-element elementor-element-983ba23\" data-id=\"983ba23\" data-element_type=\"column\">\n\t\t\t<div class=\"elementor-widget-wrap elementor-element-populated\">\n\t\t\t\t\t\t<div class=\"elementor-element elementor-element-a49234d normal elementor-widget elementor-widget-heading\" data-id=\"a49234d\" data-element_type=\"widget\" data-widget_type=\"heading.default\">\n\t\t\t\t<div class=\"elementor-widget-container\">\n\t\t\t\t\t<h3 class=\"elementor-heading-title elementor-size-default\">Mit dem PKW<\/h3>\t\t\t\t<\/div>\n\t\t\t\t<\/div>\n\t\t\t\t<div class=\"elementor-element elementor-element-377038a elementor-widget elementor-widget-text-editor\" data-id=\"377038a\" data-element_type=\"widget\" data-widget_type=\"text-editor.default\">\n\t\t\t\t<div class=\"elementor-widget-container\">\n\t\t\t\t\t\t\t\t\t<p><strong>Koordinaten:<\/strong><br \/>Breite: 47,131728<br \/>L\u00e4nge: 10,268180<\/p><p><strong>ACHTUNG! Vignettenpflicht auf allen \u00f6sterreichischen Autobahnen und Schnellstra\u00dfen (auch auf S16)<\/strong><\/p><p>Diese k\u00f6nnen Sie beim Grenz\u00fcbertritt nach \u00d6sterreich, an den Verkaufsstellen nahe der \u00d6sterreichischen Grenze oder auch beim Automobile Club de Strasbourg kaufen. Die \u00f6sterreichische Gesetzgebung verpflichtet auch zur Mitnahme und Anbringung von Schneeketten an Ihren Pkw im Winter.<\/p><ul><li>\u00dcber Salzburg &#8211; Kufstein &#8211; Innsbruck &#8211; Landeck &#8211; nach St. Anton am Arlberg<\/li><li>oder: \u00fcber M\u00fcnchen &#8211; Fernpass &#8211; Landeck &#8211; nach St. Anton am Arlberg<\/li><li>oder: \u00fcber Stuttgart &#8211; Bregenz &#8211; Feldkirch &#8211; Bludenz &#8211; Arlbergpass oder Arlbergtunnel &#8211; nach St. Anton am Arlberg<\/li><li>oder: \u00fcber Z\u00fcrich &#8211; St. Gallen oder Sargans, Feldkirch &#8211; Bludenz &#8211; Arlbergpass oder Arlbergtunnel nach St. Anton am Arlberg<\/li><\/ul><p>Halten Sie sich auf der Dorfstrasse rechts \u2013 das Hotel Banyan befindet sich auf der rechten Seite;<\/p><p>Tiefgaragenpl\u00e4tze stehen gegen Geb\u00fchr und nach Verf\u00fcgbarkeit zur Verf\u00fcgung<\/p>\t\t\t\t\t\t\t\t<\/div>\n\t\t\t\t<\/div>\n\t\t\t\t\t<\/div>\n\t\t<\/div>\n\t\t\t\t<div class=\"elementor-column elementor-col-50 elementor-inner-column elementor-element elementor-element-264cedc\" data-id=\"264cedc\" data-element_type=\"column\">\n\t\t\t<div class=\"elementor-widget-wrap elementor-element-populated\">\n\t\t\t\t\t\t<div class=\"elementor-element elementor-element-d351a3e normal elementor-widget elementor-widget-heading\" data-id=\"d351a3e\" data-element_type=\"widget\" data-widget_type=\"heading.default\">\n\t\t\t\t<div class=\"elementor-widget-container\">\n\t\t\t\t\t<h3 class=\"elementor-heading-title elementor-size-default\">Mit dem Zug<\/h3>\t\t\t\t<\/div>\n\t\t\t\t<\/div>\n\t\t\t\t<div class=\"elementor-element elementor-element-06814ee elementor-widget elementor-widget-text-editor\" data-id=\"06814ee\" data-element_type=\"widget\" data-widget_type=\"text-editor.default\">\n\t\t\t\t<div class=\"elementor-widget-container\">\n\t\t\t\t\t\t\t\t\t<p>Der Bahnhof von St. Anton am Arlberg befindet sich einige wenige hundert Meter vom Zentrum des Dorfes entfernt. Er wird regelm\u00e4\u00dfig von Z\u00fcgen aus zahlreichen St\u00e4dten in \u00d6sterreich, aus den benachbarten L\u00e4ndern sowie aus <strong>M\u00fcnchen<\/strong>,\u00a0<strong>Innsbruck<\/strong>,\u00a0<strong>Z\u00fcrich<\/strong>\u00a0und\u00a0<strong>Wien\u00a0<\/strong>angefahren.<\/p><p><strong>F\u00fcr weitere Informationen:<\/strong><\/p><ul><li>\u00f6sterreichischen Eisenbahnen:\u00a0<a href=\"http:\/\/www.oebb.at\/\" target=\"_blank\" rel=\"noopener\">www.oebb.at<\/a><\/li><li>Deutsche Bahn:\u00a0<a href=\"http:\/\/www.deutschebahn.com\/de\/start.html\" target=\"_blank\" rel=\"noopener\">www.deutschebahn.com<\/a><\/li><li>Schweizer Bahngesellschaft: <a href=\"http:\/\/www.deutschebahn.com\/de\/start.html\" target=\"_blank\" rel=\"noopener\">www.deutschebahn.com<\/a><\/li><li>Italienische Bahngesellschaft:\u00a0<a href=\"http:\/\/www.fsitaliane.it\/\" target=\"_blank\" rel=\"noopener\">www.ferroviedellostato.it<\/a><\/li><\/ul>\t\t\t\t\t\t\t\t<\/div>\n\t\t\t\t<\/div>\n\t\t\t\t<div class=\"elementor-element elementor-element-c326471 elementor-widget elementor-widget-text-editor\" data-id=\"c326471\" data-element_type=\"widget\" data-widget_type=\"text-editor.default\">\n\t\t\t\t<div class=\"elementor-widget-container\">\n\t\t\t\t\t\t\t\t\t<p><a href=\"http:\/\/www.innsbruck-airport.com\/en\/airlines\/\" target=\"_blank\" rel=\"noopener\">Der Flughafen von Innsbruck<\/a> ist der dem Haus am n\u00e4chsten gelegene. Er befindet sich in ungef\u00e4hr 100 Kilometer Entfernung und wird von zahlreichen St\u00e4dten in Europa angeflogen.<\/p>\n<p><a href=\"http:\/\/www.bodensee-airport.eu\/\" target=\"_blank\" rel=\"noopener\">Der Flughafen von Friedrichshafen<\/a> in gut 130 Kilometer Entfernung, vom Hotel Banyan, bietet Fl\u00fcge aus verschiedenen St\u00e4dten in \u00d6sterreich, Deutschland und Europa.<\/p>\n<p><a href=\"http:\/\/www.flughafen-zuerich.ch\/\" target=\"_blank\" rel=\"noopener\">Der internationale Flughafen von Z\u00fcrich<\/a> befindet sich in gut 200 Kilometer Entfernung und ist aus der ganzen Welt sehr gut erreichbar.<\/p>\t\t\t\t\t\t\t\t<\/div>\n\t\t\t\t<\/div>\n\t\t\t\t\t<\/div>\n\t\t<\/div>\n\t\t\t\t\t<\/div>\n\t\t<\/section>\n\t\t\t\t\t<\/div>\n\t\t<\/div>\n\t\t\t\t\t<\/div>\n\t\t<\/section>\n\t\t\t\t<\/div>\n\t\t","protected":false},"excerpt":{"rendered":"<p>Wir freuen uns auf Sie! Wir freuen uns auf Sie! Sie haben Fragen, W\u00fcnsche oder andere Anfragen an uns? Wir helfen Ihnen gerne jederzeit weiter wenn es rund um Ihren Urlaub am wundervollen Arlberg im Hotel Banyan geht! Banyan HotelDorfstrasse 556580 Sankt Anton Am Arlberg +43 5446 94100info.hotelbanyan@tui.com Reservierungsservice:+43 5446 94100 Hier geht es zur [&hellip;]<\/p>\n","protected":false},"author":1,"featured_media":0,"parent":0,"menu_order":6,"comment_status":"closed","ping_status":"closed","template":"","meta":{"_seopress_robots_primary_cat":"","_seopress_titles_title":"Kontaktieren Sie uns!","_seopress_titles_desc":"Sie haben Fragen, W\u00fcnsche oder andere Anfragen an uns? Wir helfen Ihnen gerne jederzeit weiter wenn es rund um Ihren Urlaub am wundervollen Arlberg im Hotel Banyan geht!","_seopress_robots_index":"","site-sidebar-layout":"no-sidebar","site-content-layout":"page-builder","ast-site-content-layout":"","site-content-style":"default","site-sidebar-style":"default","ast-global-header-display":"","ast-banner-title-visibility":"","ast-main-header-display":"","ast-hfb-above-header-display":"","ast-hfb-below-header-display":"","ast-hfb-mobile-header-display":"","site-post-title":"disabled","ast-breadcrumbs-content":"","ast-featured-img":"disabled","footer-sml-layout":null,"theme-transparent-header-meta":"default","adv-header-id-meta":null,"stick-header-meta":"default","header-above-stick-meta":null,"header-main-stick-meta":"","header-below-stick-meta":null,"astra-migrate-meta-layouts":"default","ast-page-background-enabled":"default","ast-page-background-meta":{"desktop":{"background-color":"","background-image":"","background-repeat":"repeat","background-position":"center center","background-size":"auto","background-attachment":"scroll","background-type":"","background-media":"","overlay-type":"","overlay-color":"","overlay-opacity":"","overlay-gradient":""},"tablet":{"background-color":"","background-image":"","background-repeat":"repeat","background-position":"center center","background-size":"auto","background-attachment":"scroll","background-type":"","background-media":"","overlay-type":"","overlay-color":"","overlay-opacity":"","overlay-gradient":""},"mobile":{"background-color":"","background-image":"","background-repeat":"repeat","background-position":"center center","background-size":"auto","background-attachment":"scroll","background-type":"","background-media":"","overlay-type":"","overlay-color":"","overlay-opacity":"","overlay-gradient":""}},"ast-content-background-meta":{"desktop":{"background-color":"var(--ast-global-color-5)","background-image":"","background-repeat":"repeat","background-position":"center center","background-size":"auto","background-attachment":"scroll","background-type":"","background-media":"","overlay-type":"","overlay-color":"","overlay-opacity":"","overlay-gradient":""},"tablet":{"background-color":"var(--ast-global-color-5)","background-image":"","background-repeat":"repeat","background-position":"center center","background-size":"auto","background-attachment":"scroll","background-type":"","background-media":"","overlay-type":"","overlay-color":"","overlay-opacity":"","overlay-gradient":""},"mobile":{"background-color":"var(--ast-global-color-5)","background-image":"","background-repeat":"repeat","background-position":"center center","background-size":"auto","background-attachment":"scroll","background-type":"","background-media":"","overlay-type":"","overlay-color":"","overlay-opacity":"","overlay-gradient":""}},"footnotes":""},"class_list":["post-14","page","type-page","status-publish","hentry"],"_links":{"self":[{"href":"https:\/\/www.banyan-hotel.com\/de\/wp-json\/wp\/v2\/pages\/14","targetHints":{"allow":["GET"]}}],"collection":[{"href":"https:\/\/www.banyan-hotel.com\/de\/wp-json\/wp\/v2\/pages"}],"about":[{"href":"https:\/\/www.banyan-hotel.com\/de\/wp-json\/wp\/v2\/types\/page"}],"author":[{"embeddable":true,"href":"https:\/\/www.banyan-hotel.com\/de\/wp-json\/wp\/v2\/users\/1"}],"replies":[{"embeddable":true,"href":"https:\/\/www.banyan-hotel.com\/de\/wp-json\/wp\/v2\/comments?post=14"}],"version-history":[{"count":10,"href":"https:\/\/www.banyan-hotel.com\/de\/wp-json\/wp\/v2\/pages\/14\/revisions"}],"predecessor-version":[{"id":930,"href":"https:\/\/www.banyan-hotel.com\/de\/wp-json\/wp\/v2\/pages\/14\/revisions\/930"}],"wp:attachment":[{"href":"https:\/\/www.banyan-hotel.com\/de\/wp-json\/wp\/v2\/media?parent=14"}],"curies":[{"name":"wp","href":"https:\/\/api.w.org\/{rel}","templated":true}]}}