{"id":11,"date":"2020-10-20T09:04:13","date_gmt":"2020-10-20T09:04:13","guid":{"rendered":"https:\/\/www.banyan-hotel.com\/lounge-bar\/"},"modified":"2021-04-07T08:07:23","modified_gmt":"2021-04-07T08:07:23","slug":"lounge-bar","status":"publish","type":"page","link":"https:\/\/www.banyan-hotel.com\/de\/lounge-bar\/","title":{"rendered":"Lounge &#038; Bar"},"content":{"rendered":"\t\t<div data-elementor-type=\"wp-page\" data-elementor-id=\"11\" class=\"elementor elementor-11\" data-elementor-post-type=\"page\">\n\t\t\t\t\t\t<section class=\"elementor-section elementor-top-section elementor-element elementor-element-768f348 elementor-section-full_width elementor-section-height-min-height elementor-section-items-stretch nopad nomarg elementor-section-height-default\" data-id=\"768f348\" data-element_type=\"section\" data-settings=\"{&quot;background_background&quot;:&quot;classic&quot;}\">\n\t\t\t\t\t\t<div class=\"elementor-container elementor-column-gap-no\">\n\t\t\t\t\t<div class=\"elementor-column elementor-col-66 elementor-top-column elementor-element elementor-element-b59c770\" data-id=\"b59c770\" data-element_type=\"column\" data-settings=\"{&quot;background_background&quot;:&quot;slideshow&quot;,&quot;background_slideshow_gallery&quot;:[{&quot;id&quot;:283,&quot;url&quot;:&quot;https:\\\/\\\/www.banyan-hotel.com\\\/wp-content\\\/uploads\\\/2020\\\/10\\\/breakfast-slider.jpg&quot;},{&quot;id&quot;:280,&quot;url&quot;:&quot;https:\\\/\\\/www.banyan-hotel.com\\\/wp-content\\\/uploads\\\/2020\\\/10\\\/bar01.jpg&quot;},{&quot;id&quot;:281,&quot;url&quot;:&quot;https:\\\/\\\/www.banyan-hotel.com\\\/wp-content\\\/uploads\\\/2020\\\/10\\\/bar02.jpg&quot;},{&quot;id&quot;:282,&quot;url&quot;:&quot;https:\\\/\\\/www.banyan-hotel.com\\\/wp-content\\\/uploads\\\/2020\\\/10\\\/bar03.jpg&quot;}],&quot;background_slideshow_ken_burns&quot;:&quot;yes&quot;,&quot;background_slideshow_loop&quot;:&quot;yes&quot;,&quot;background_slideshow_slide_duration&quot;:5000,&quot;background_slideshow_slide_transition&quot;:&quot;fade&quot;,&quot;background_slideshow_transition_duration&quot;:500,&quot;background_slideshow_ken_burns_zoom_direction&quot;:&quot;in&quot;}\">\n\t\t\t<div class=\"elementor-widget-wrap\">\n\t\t\t\t\t\t\t<\/div>\n\t\t<\/div>\n\t\t\t\t<div class=\"elementor-column elementor-col-33 elementor-top-column elementor-element elementor-element-8025708 elementor-hidden-tablet elementor-hidden-phone\" data-id=\"8025708\" data-element_type=\"column\" data-settings=\"{&quot;background_background&quot;:&quot;slideshow&quot;,&quot;background_slideshow_gallery&quot;:[{&quot;id&quot;:285,&quot;url&quot;:&quot;https:\\\/\\\/www.banyan-hotel.com\\\/wp-content\\\/uploads\\\/2020\\\/10\\\/lounge2.jpg&quot;},{&quot;id&quot;:284,&quot;url&quot;:&quot;https:\\\/\\\/www.banyan-hotel.com\\\/wp-content\\\/uploads\\\/2020\\\/10\\\/lounge1.jpg&quot;},{&quot;id&quot;:286,&quot;url&quot;:&quot;https:\\\/\\\/www.banyan-hotel.com\\\/wp-content\\\/uploads\\\/2020\\\/10\\\/lounge3.jpg&quot;}],&quot;background_slideshow_ken_burns&quot;:&quot;yes&quot;,&quot;background_slideshow_slide_duration&quot;:7000,&quot;background_slideshow_loop&quot;:&quot;yes&quot;,&quot;background_slideshow_slide_transition&quot;:&quot;fade&quot;,&quot;background_slideshow_transition_duration&quot;:500,&quot;background_slideshow_ken_burns_zoom_direction&quot;:&quot;in&quot;}\">\n\t\t\t<div class=\"elementor-widget-wrap\">\n\t\t\t\t\t\t\t<\/div>\n\t\t<\/div>\n\t\t\t\t\t<\/div>\n\t\t<\/section>\n\t\t\t\t<section class=\"elementor-section elementor-top-section elementor-element elementor-element-5b9e1ef elementor-section-boxed elementor-section-height-default elementor-section-height-default\" data-id=\"5b9e1ef\" data-element_type=\"section\">\n\t\t\t\t\t\t<div class=\"elementor-container elementor-column-gap-default\">\n\t\t\t\t\t<div class=\"elementor-column elementor-col-100 elementor-top-column elementor-element elementor-element-86e902f\" data-id=\"86e902f\" data-element_type=\"column\">\n\t\t\t<div class=\"elementor-widget-wrap elementor-element-populated\">\n\t\t\t\t\t\t<div class=\"elementor-element elementor-element-825be8b elementor-widget elementor-widget-heading\" data-id=\"825be8b\" data-element_type=\"widget\" data-widget_type=\"heading.default\">\n\t\t\t\t<div class=\"elementor-widget-container\">\n\t\t\t\t\t<h3 class=\"elementor-heading-title elementor-size-default\">Relaxen f\u00fcr Fortgeschrittene.<\/h3>\t\t\t\t<\/div>\n\t\t\t\t<\/div>\n\t\t\t\t<div class=\"elementor-element elementor-element-50205aa elementor-widget elementor-widget-heading\" data-id=\"50205aa\" data-element_type=\"widget\" data-widget_type=\"heading.default\">\n\t\t\t\t<div class=\"elementor-widget-container\">\n\t\t\t\t\t<h1 class=\"elementor-heading-title elementor-size-default\">Die Banyan-Bar &amp; Lounge<\/h1>\t\t\t\t<\/div>\n\t\t\t\t<\/div>\n\t\t\t\t<div class=\"elementor-element elementor-element-6d9c377 intro elementor-widget elementor-widget-text-editor\" data-id=\"6d9c377\" data-element_type=\"widget\" data-widget_type=\"text-editor.default\">\n\t\t\t\t<div class=\"elementor-widget-container\">\n\t\t\t\t\t\t\t\t\t<p>In St. Anton gibt es jede Menge sch\u00f6ner Pl\u00e4tze. Einige davon sind unsere Bar und die gem\u00fctliche Lounge, an der sie Ihren Apr\u00e9s Ski verbringen k\u00f6nnen. Elegant und ganz im Zeichen des Wohlbehagens.<\/p>\t\t\t\t\t\t\t\t<\/div>\n\t\t\t\t<\/div>\n\t\t\t\t<section class=\"elementor-section elementor-inner-section elementor-element elementor-element-d855efc elementor-columns-alignment-fix-enabled elementor-section-boxed elementor-section-height-default elementor-section-height-default\" data-id=\"d855efc\" data-element_type=\"section\">\n\t\t\t\t\t\t<div class=\"elementor-container elementor-column-gap-wide\">\n\t\t\t\t\t<div class=\"elementor-column elementor-col-33 elementor-inner-column elementor-element elementor-element-ef9d56b\" data-id=\"ef9d56b\" data-element_type=\"column\">\n\t\t\t<div class=\"elementor-widget-wrap elementor-element-populated\">\n\t\t\t\t\t\t<div class=\"elementor-element elementor-element-1075e84 elementor-widget elementor-widget-image\" data-id=\"1075e84\" data-element_type=\"widget\" data-widget_type=\"image.default\">\n\t\t\t\t<div class=\"elementor-widget-container\">\n\t\t\t\t\t\t\t\t\t\t\t\t\t\t\t<img fetchpriority=\"high\" decoding=\"async\" width=\"800\" height=\"600\" src=\"https:\/\/www.banyan-hotel.com\/wp-content\/uploads\/2020\/10\/barbereich.jpg\" class=\"attachment-large size-large wp-image-287\" alt=\"\" srcset=\"https:\/\/www.banyan-hotel.com\/wp-content\/uploads\/2020\/10\/barbereich.jpg 800w, https:\/\/www.banyan-hotel.com\/wp-content\/uploads\/2020\/10\/barbereich-768x576.jpg 768w\" sizes=\"(max-width: 800px) 100vw, 800px\" \/>\t\t\t\t\t\t\t\t\t\t\t\t\t\t\t<\/div>\n\t\t\t\t<\/div>\n\t\t\t\t<div class=\"elementor-element elementor-element-95fbe0d normal elementor-widget elementor-widget-heading\" data-id=\"95fbe0d\" data-element_type=\"widget\" data-widget_type=\"heading.default\">\n\t\t\t\t<div class=\"elementor-widget-container\">\n\t\t\t\t\t<h3 class=\"elementor-heading-title elementor-size-default\">Lounge \/ Bar<\/h3>\t\t\t\t<\/div>\n\t\t\t\t<\/div>\n\t\t\t\t<div class=\"elementor-element elementor-element-0cb2831 elementor-widget elementor-widget-text-editor\" data-id=\"0cb2831\" data-element_type=\"widget\" data-widget_type=\"text-editor.default\">\n\t\t\t\t<div class=\"elementor-widget-container\">\n\t\t\t\t\t\t\t\t\t<p>Entspannen Sie sich bei in <strong>elegantem und stilvoll eingerichtetem Ambiente<\/strong> und genie\u00dfen Sie den ein oder anderen exquisiten Tropfen an unserer Bar.<\/p><p>F\u00fchren Sie tolle Gespr\u00e4che, beobachten Sie die Welt um sich herum und<strong> inhalieren Sie das einzigartige Urlaubs-Gef\u00fchl<\/strong> ganz tief.<\/p>\t\t\t\t\t\t\t\t<\/div>\n\t\t\t\t<\/div>\n\t\t\t\t\t<\/div>\n\t\t<\/div>\n\t\t\t\t<div class=\"elementor-column elementor-col-33 elementor-inner-column elementor-element elementor-element-7e7fcfc\" data-id=\"7e7fcfc\" data-element_type=\"column\">\n\t\t\t<div class=\"elementor-widget-wrap elementor-element-populated\">\n\t\t\t\t\t\t<div class=\"elementor-element elementor-element-18e68cd elementor-widget elementor-widget-image\" data-id=\"18e68cd\" data-element_type=\"widget\" data-widget_type=\"image.default\">\n\t\t\t\t<div class=\"elementor-widget-container\">\n\t\t\t\t\t\t\t\t\t\t\t\t\t\t\t<img decoding=\"async\" width=\"800\" height=\"600\" src=\"https:\/\/www.banyan-hotel.com\/wp-content\/uploads\/2020\/10\/lounge-sessel.jpg\" class=\"attachment-large size-large wp-image-288\" alt=\"\" srcset=\"https:\/\/www.banyan-hotel.com\/wp-content\/uploads\/2020\/10\/lounge-sessel.jpg 800w, https:\/\/www.banyan-hotel.com\/wp-content\/uploads\/2020\/10\/lounge-sessel-768x576.jpg 768w\" sizes=\"(max-width: 800px) 100vw, 800px\" \/>\t\t\t\t\t\t\t\t\t\t\t\t\t\t\t<\/div>\n\t\t\t\t<\/div>\n\t\t\t\t<div class=\"elementor-element elementor-element-7b812c3 normal elementor-widget elementor-widget-heading\" data-id=\"7b812c3\" data-element_type=\"widget\" data-widget_type=\"heading.default\">\n\t\t\t\t<div class=\"elementor-widget-container\">\n\t\t\t\t\t<h3 class=\"elementor-heading-title elementor-size-default\">Salon<\/h3>\t\t\t\t<\/div>\n\t\t\t\t<\/div>\n\t\t\t\t<div class=\"elementor-element elementor-element-e561810 elementor-widget elementor-widget-text-editor\" data-id=\"e561810\" data-element_type=\"widget\" data-widget_type=\"text-editor.default\">\n\t\t\t\t<div class=\"elementor-widget-container\">\n\t\t\t\t\t\t\t\t\t<p><strong>Der Salon der Bar<\/strong>, raffiniert und verfeinert eingerichtet, bietet dank seiner bequemen Sofas und dem Kamin Komfort und Gastlichkeit.<\/p><p>Machen Sie es sich ruhig im Salon gem\u00fctlich und genie\u00dfen Sie\u00a0<strong>dessen warme Atmosph\u00e4re<\/strong>\u00a0f\u00fcr einzigartige Momente.<\/p>\t\t\t\t\t\t\t\t<\/div>\n\t\t\t\t<\/div>\n\t\t\t\t\t<\/div>\n\t\t<\/div>\n\t\t\t\t<div class=\"elementor-column elementor-col-33 elementor-inner-column elementor-element elementor-element-41f641b\" data-id=\"41f641b\" data-element_type=\"column\">\n\t\t\t<div class=\"elementor-widget-wrap elementor-element-populated\">\n\t\t\t\t\t\t<div class=\"elementor-element elementor-element-0cbf129 elementor-widget elementor-widget-image-carousel\" data-id=\"0cbf129\" data-element_type=\"widget\" data-settings=\"{&quot;slides_to_show&quot;:&quot;1&quot;,&quot;navigation&quot;:&quot;none&quot;,&quot;autoplay&quot;:&quot;yes&quot;,&quot;pause_on_hover&quot;:&quot;yes&quot;,&quot;pause_on_interaction&quot;:&quot;yes&quot;,&quot;autoplay_speed&quot;:5000,&quot;infinite&quot;:&quot;yes&quot;,&quot;effect&quot;:&quot;slide&quot;,&quot;speed&quot;:500}\" data-widget_type=\"image-carousel.default\">\n\t\t\t\t<div class=\"elementor-widget-container\">\n\t\t\t\t\t\t\t<div class=\"elementor-image-carousel-wrapper swiper\" role=\"region\" aria-roledescription=\"carousel\" aria-label=\"Bild Karussell\" dir=\"ltr\">\n\t\t\t<div class=\"elementor-image-carousel swiper-wrapper\" aria-live=\"off\">\n\t\t\t\t\t\t\t\t<div class=\"swiper-slide\" role=\"group\" aria-roledescription=\"slide\" aria-label=\"1 von 5\"><figure class=\"swiper-slide-inner\"><img decoding=\"async\" class=\"swiper-slide-image\" src=\"https:\/\/www.banyan-hotel.com\/wp-content\/uploads\/2020\/10\/breakfast-05.jpg\" alt=\"breakfast-05\" \/><\/figure><\/div><div class=\"swiper-slide\" role=\"group\" aria-roledescription=\"slide\" aria-label=\"2 von 5\"><figure class=\"swiper-slide-inner\"><img decoding=\"async\" class=\"swiper-slide-image\" src=\"https:\/\/www.banyan-hotel.com\/wp-content\/uploads\/2020\/10\/breakfast-04.jpg\" alt=\"breakfast-04\" \/><\/figure><\/div><div class=\"swiper-slide\" role=\"group\" aria-roledescription=\"slide\" aria-label=\"3 von 5\"><figure class=\"swiper-slide-inner\"><img decoding=\"async\" class=\"swiper-slide-image\" src=\"https:\/\/www.banyan-hotel.com\/wp-content\/uploads\/2020\/10\/breakfast-03.jpg\" alt=\"breakfast-03\" \/><\/figure><\/div><div class=\"swiper-slide\" role=\"group\" aria-roledescription=\"slide\" aria-label=\"4 von 5\"><figure class=\"swiper-slide-inner\"><img decoding=\"async\" class=\"swiper-slide-image\" src=\"https:\/\/www.banyan-hotel.com\/wp-content\/uploads\/2020\/10\/breakfast-02.jpg\" alt=\"breakfast-02\" \/><\/figure><\/div><div class=\"swiper-slide\" role=\"group\" aria-roledescription=\"slide\" aria-label=\"5 von 5\"><figure class=\"swiper-slide-inner\"><img decoding=\"async\" class=\"swiper-slide-image\" src=\"https:\/\/www.banyan-hotel.com\/wp-content\/uploads\/2020\/10\/breakfast-01.jpg\" alt=\"breakfast-01\" \/><\/figure><\/div>\t\t\t<\/div>\n\t\t\t\t\t\t\t\n\t\t\t\t\t\t\t\t\t<\/div>\n\t\t\t\t\t\t<\/div>\n\t\t\t\t<\/div>\n\t\t\t\t<div class=\"elementor-element elementor-element-2e81dca normal elementor-widget elementor-widget-heading\" data-id=\"2e81dca\" data-element_type=\"widget\" data-widget_type=\"heading.default\">\n\t\t\t\t<div class=\"elementor-widget-container\">\n\t\t\t\t\t<h3 class=\"elementor-heading-title elementor-size-default\">Fr\u00fchst\u00fccksraum<\/h3>\t\t\t\t<\/div>\n\t\t\t\t<\/div>\n\t\t\t\t<div class=\"elementor-element elementor-element-8060fd2 elementor-widget elementor-widget-text-editor\" data-id=\"8060fd2\" data-element_type=\"widget\" data-widget_type=\"text-editor.default\">\n\t\t\t\t<div class=\"elementor-widget-container\">\n\t\t\t\t\t\t\t\t\t<p>Besonders stolz sind wir \u2013 und laut unseren G\u00e4sten auch zu Recht \u2013 auf unser <strong>Fr\u00fchst\u00fccksb\u00fcffet<\/strong>. Jede Menge verschiedener <strong>Brotsorten<\/strong>, <strong>M\u00fcslis<\/strong>, <strong>Brotaufstriche<\/strong> und andere leckere <strong>Spezialit\u00e4ten<\/strong> erwarten Sie jeden Morgen ganz frisch. So kann es gut gest\u00e4rkt in den neuen Tag gehen.<\/p>\t\t\t\t\t\t\t\t<\/div>\n\t\t\t\t<\/div>\n\t\t\t\t\t<\/div>\n\t\t<\/div>\n\t\t\t\t\t<\/div>\n\t\t<\/section>\n\t\t\t\t\t<\/div>\n\t\t<\/div>\n\t\t\t\t\t<\/div>\n\t\t<\/section>\n\t\t\t\t<\/div>\n\t\t","protected":false},"excerpt":{"rendered":"<p>Relaxen f\u00fcr Fortgeschrittene. Die Banyan-Bar &#038; Lounge In St. Anton gibt es jede Menge sch\u00f6ner Pl\u00e4tze. Einige davon sind unsere Bar und die gem\u00fctliche Lounge, an der sie Ihren Apr\u00e9s Ski verbringen k\u00f6nnen. Elegant und ganz im Zeichen des Wohlbehagens. Lounge \/ Bar Entspannen Sie sich bei in elegantem und stilvoll eingerichtetem Ambiente und genie\u00dfen [&hellip;]<\/p>\n","protected":false},"author":1,"featured_media":0,"parent":0,"menu_order":3,"comment_status":"closed","ping_status":"closed","template":"","meta":{"_seopress_robots_primary_cat":"","_seopress_titles_title":"Relaxen beim Apr\u00e9s Ski in Tirol","_seopress_titles_desc":"In St. Anton gibt es jede Menge sch\u00f6ner Pl\u00e4tze. Einige davon sind unsere Bar und die gem\u00fctliche Lounge, an der sie Ihren Apr\u00e9s Ski verbringen k\u00f6nnen. ","_seopress_robots_index":"","site-sidebar-layout":"no-sidebar","site-content-layout":"page-builder","ast-site-content-layout":"","site-content-style":"default","site-sidebar-style":"default","ast-global-header-display":"","ast-banner-title-visibility":"","ast-main-header-display":"","ast-hfb-above-header-display":"","ast-hfb-below-header-display":"","ast-hfb-mobile-header-display":"","site-post-title":"disabled","ast-breadcrumbs-content":"","ast-featured-img":"disabled","footer-sml-layout":null,"theme-transparent-header-meta":"default","adv-header-id-meta":null,"stick-header-meta":"default","header-above-stick-meta":null,"header-main-stick-meta":"","header-below-stick-meta":null,"astra-migrate-meta-layouts":"default","ast-page-background-enabled":"default","ast-page-background-meta":{"desktop":{"background-color":"","background-image":"","background-repeat":"repeat","background-position":"center center","background-size":"auto","background-attachment":"scroll","background-type":"","background-media":"","overlay-type":"","overlay-color":"","overlay-opacity":"","overlay-gradient":""},"tablet":{"background-color":"","background-image":"","background-repeat":"repeat","background-position":"center center","background-size":"auto","background-attachment":"scroll","background-type":"","background-media":"","overlay-type":"","overlay-color":"","overlay-opacity":"","overlay-gradient":""},"mobile":{"background-color":"","background-image":"","background-repeat":"repeat","background-position":"center center","background-size":"auto","background-attachment":"scroll","background-type":"","background-media":"","overlay-type":"","overlay-color":"","overlay-opacity":"","overlay-gradient":""}},"ast-content-background-meta":{"desktop":{"background-color":"var(--ast-global-color-5)","background-image":"","background-repeat":"repeat","background-position":"center center","background-size":"auto","background-attachment":"scroll","background-type":"","background-media":"","overlay-type":"","overlay-color":"","overlay-opacity":"","overlay-gradient":""},"tablet":{"background-color":"var(--ast-global-color-5)","background-image":"","background-repeat":"repeat","background-position":"center center","background-size":"auto","background-attachment":"scroll","background-type":"","background-media":"","overlay-type":"","overlay-color":"","overlay-opacity":"","overlay-gradient":""},"mobile":{"background-color":"var(--ast-global-color-5)","background-image":"","background-repeat":"repeat","background-position":"center center","background-size":"auto","background-attachment":"scroll","background-type":"","background-media":"","overlay-type":"","overlay-color":"","overlay-opacity":"","overlay-gradient":""}},"footnotes":""},"class_list":["post-11","page","type-page","status-publish","hentry"],"_links":{"self":[{"href":"https:\/\/www.banyan-hotel.com\/de\/wp-json\/wp\/v2\/pages\/11","targetHints":{"allow":["GET"]}}],"collection":[{"href":"https:\/\/www.banyan-hotel.com\/de\/wp-json\/wp\/v2\/pages"}],"about":[{"href":"https:\/\/www.banyan-hotel.com\/de\/wp-json\/wp\/v2\/types\/page"}],"author":[{"embeddable":true,"href":"https:\/\/www.banyan-hotel.com\/de\/wp-json\/wp\/v2\/users\/1"}],"replies":[{"embeddable":true,"href":"https:\/\/www.banyan-hotel.com\/de\/wp-json\/wp\/v2\/comments?post=11"}],"version-history":[{"count":1,"href":"https:\/\/www.banyan-hotel.com\/de\/wp-json\/wp\/v2\/pages\/11\/revisions"}],"predecessor-version":[{"id":759,"href":"https:\/\/www.banyan-hotel.com\/de\/wp-json\/wp\/v2\/pages\/11\/revisions\/759"}],"wp:attachment":[{"href":"https:\/\/www.banyan-hotel.com\/de\/wp-json\/wp\/v2\/media?parent=11"}],"curies":[{"name":"wp","href":"https:\/\/api.w.org\/{rel}","templated":true}]}}